{"id":15,"date":"2025-07-28T22:27:44","date_gmt":"2025-07-28T22:27:44","guid":{"rendered":"https:\/\/www.lacorba.org\/?page_id=15"},"modified":"2026-05-06T18:02:24","modified_gmt":"2026-05-06T18:02:24","slug":"participa","status":"publish","type":"page","link":"https:\/\/www.lacorba.org\/index.php\/participa\/","title":{"rendered":"Participa"},"content":{"rendered":"\n<div class=\"wp-block-group alignfull has-base-2-background-color has-background has-global-padding is-layout-constrained wp-container-core-group-is-layout-669513ed wp-block-group-is-layout-constrained\" style=\"margin-top:0;margin-bottom:0;padding-top:var(--wp--preset--spacing--50);padding-right:var(--wp--preset--spacing--50);padding-bottom:var(--wp--preset--spacing--50);padding-left:var(--wp--preset--spacing--50)\">\n<div class=\"wp-block-group is-vertical is-content-justification-center is-layout-flex wp-container-core-group-is-layout-52b864f0 wp-block-group-is-layout-flex\">\n<h2 class=\"wp-block-heading has-text-align-center is-style-asterisk\">Diferents maneres de ser Corba<\/h2>\n\n\n\n<div style=\"height:0px\" aria-hidden=\"true\" class=\"wp-block-spacer wp-container-content-4f2ccadb\"><\/div>\n\n\n\n<p class=\"has-text-align-center\">Hi han molts motius i moltes maneres de fer-se Corba i col\u00b7laborar amb el Projecte. Amb el vostre suport, doneu un cop de m\u00e0 a l\u2019aposta pel model d\u2019habitatge cooperatiu, lluny del mercat especulatiu de la vivenda. Envian\u2019s un correu (<a href=\"mailto:lacorbacoop@gmail.com\">lacorbacoop@gmail.com<\/a>) i t\u2019expliquem com.<\/p>\n<\/div>\n\n\n\n<div style=\"margin-top:0;margin-bottom:0;height:var(--wp--preset--spacing--40)\" aria-hidden=\"true\" class=\"wp-block-spacer\"><\/div>\n\n\n\n<div class=\"wp-block-columns alignwide is-layout-flex wp-container-core-columns-is-layout-d0bbbce0 wp-block-columns-is-layout-flex\">\n<div class=\"wp-block-column is-layout-flow wp-container-core-column-is-layout-e3d1c41b wp-block-column-is-layout-flow\">\n<h3 class=\"wp-block-heading has-text-align-left is-style-asterisk has-body-font-family has-medium-font-size\" style=\"font-style:normal;font-weight:600\">DONATIU<\/h3>\n\n\n\n<p class=\"has-text-align-left\">Si vols donar suport a la Corba puntualment, pots fer-nos una donaci\u00f3 al n\u00f9mero de compte ES81 3025 0005 8614 3332 7257 &nbsp; amb el concepte \u201cDonaci\u00f3\u201d. Pots demanar el teu justificant enviant-nos un correu (<a href=\"mailto:lacorbacoop@gmail.com\">lacorbacoop@gmail.com<\/a>). Les aportacions volunt\u00e0ries poden desgravar a la declaraci\u00f3 de la renda.<\/p>\n\n\n\n<p class=\"has-text-align-left\"><\/p>\n<\/div>\n\n\n\n<div class=\"wp-block-column is-layout-flow wp-container-core-column-is-layout-e3d1c41b wp-block-column-is-layout-flow\">\n<h3 class=\"wp-block-heading has-text-align-left is-style-asterisk has-body-font-family has-medium-font-size\" style=\"font-style:normal;font-weight:600\">FES-TE S\u00d2CIA COL\u00b7LABORADORA<\/h3>\n\n\n\n<p class=\"has-text-align-left\">Formar\u00e0s part del projecte de La Corba i podr\u00e0s participar en el desenvolupament del projecte a trav\u00e9s de l&#8217;Assemblea General. <\/p>\n\n\n\n<p class=\"has-text-align-left\">Com a s\u00f2cia, tamb\u00e9 podr\u00e0s participar en les accions, activitats i espais oberts, i ajudar-nos a dissenyar com La Corba s&#8217;integra i col\u00b7labora amb el seu entorn.<\/p>\n\n\n\n<p>Aportaci\u00f3: 100\u20ac  Link al formulari<\/p>\n<\/div>\n\n\n\n<div class=\"wp-block-column is-layout-flow wp-container-core-column-is-layout-e3d1c41b wp-block-column-is-layout-flow\">\n<h3 class=\"wp-block-heading has-text-align-left is-style-asterisk has-body-font-family has-medium-font-size\" style=\"font-style:normal;font-weight:600\">PARTICIPA EN LES ACTIVITATS<\/h3>\n\n\n\n<p class=\"has-text-align-left\">Tamb\u00e9 es pot donar suport no econ\u00f2mic al projecte. Pots col\u00b7laborar en les iniciatives de la Corba que promouen l\u2019habitatge cooperatiu, que denuncien l\u2019especulaci\u00f3 i que generen espais de trobada en el territori i en relaci\u00f3 amb la defensa del valors que ens mouen.  <\/p>\n<\/div>\n<\/div>\n\n\n\n<div style=\"height:var(--wp--preset--spacing--20)\" aria-hidden=\"true\" class=\"wp-block-spacer\"><\/div>\n\n\n\n<div class=\"wp-block-columns alignwide is-layout-flex wp-container-core-columns-is-layout-d0bbbce0 wp-block-columns-is-layout-flex\">\n<div class=\"wp-block-column is-layout-flow wp-container-core-column-is-layout-e3d1c41b wp-block-column-is-layout-flow\">\n<h3 class=\"wp-block-heading has-text-align-left is-style-asterisk has-body-font-family has-medium-font-size\" style=\"font-style:normal;font-weight:600\">INVERTEIX EN LA CORBA<\/h3>\n\n\n\n<p class=\"has-text-align-left\">La promoci\u00f3 de la Corba \u00e9s possible gr\u00e0cies a diferents pr\u00e9stecs i subvencions. Si vols donar suport fent un pr\u00e9stecs, els teus estalvis tornaran amb un temps i amb un inter\u00e8s pactat i garantitzat.<\/p>\n<\/div>\n\n\n\n<div class=\"wp-block-column is-layout-flow wp-container-core-column-is-layout-e3d1c41b wp-block-column-is-layout-flow\">\n<h3 class=\"wp-block-heading has-text-align-left is-style-asterisk has-body-font-family has-medium-font-size\" style=\"font-style:normal;font-weight:600\">VIURE A LA CORBA<\/h3>\n\n\n\n<p class=\"has-text-align-left\">Si vols con\u00e8ixer les condicions d&#8217;acc\u00e9s als habitatges i com incorporar-te al grup de s\u00f2cies que viurem a La Corba, posa\u2019t en contacte per rebre informaci\u00f3 detallada de les condicions. Fem trobades presencials mensuals i trobades online cada 15 dies<\/p>\n<\/div>\n<\/div>\n<\/div>\n\n\n\n<div class=\"wp-block-group alignfull has-global-padding is-layout-constrained wp-container-core-group-is-layout-d89aad35 wp-block-group-is-layout-constrained\" style=\"margin-top:0;margin-bottom:0;padding-top:var(--wp--preset--spacing--50);padding-right:var(--wp--preset--spacing--50);padding-bottom:var(--wp--preset--spacing--50);padding-left:var(--wp--preset--spacing--50)\"><\/div>\n\n\n\n<div class=\"wp-block-group alignfull has-base-color has-contrast-background-color has-text-color has-background has-global-padding is-layout-constrained wp-container-core-group-is-layout-ef3d885c wp-block-group-is-layout-constrained\" style=\"margin-top:0;margin-bottom:0;padding-top:var(--wp--preset--spacing--60);padding-right:var(--wp--preset--spacing--60);padding-bottom:var(--wp--preset--spacing--60);padding-left:var(--wp--preset--spacing--60)\">\n<div class=\"wp-block-group has-global-padding is-layout-constrained wp-block-group-is-layout-constrained\">\n<p class=\"has-text-align-center has-base-color has-text-color has-heading-font-family has-x-large-font-size\" style=\"line-height:1.2\"><\/p>\n\n\n\n<div style=\"height:var(--wp--preset--spacing--10)\" aria-hidden=\"true\" class=\"wp-block-spacer\"><\/div>\n\n\n\n<div class=\"wp-block-group is-vertical is-content-justification-center is-nowrap is-layout-flex wp-container-core-group-is-layout-2dc08cea wp-block-group-is-layout-flex\">\n\n\n<p class=\"has-text-align-center\" style=\"margin-top:var(--wp--preset--spacing--10);margin-bottom:0\">Una altra corba<\/p>\n\n\n\n<p class=\"has-text-align-center has-contrast-3-color has-text-color has-small-font-size\" style=\"font-style:normal;font-weight:300\"><\/p>\n<\/div>\n<\/div>\n<\/div>\n","protected":false},"excerpt":{"rendered":"<p>Diferents maneres de ser Corba Hi han molts motius i moltes maneres de fer-se Corba i col\u00b7laborar amb el Projecte. Amb el vostre suport, doneu un cop de m\u00e0 a l\u2019aposta pel model d\u2019habitatge cooperatiu, lluny del mercat especulatiu de la vivenda. Envian\u2019s un correu (lacorbacoop@gmail.com) i t\u2019expliquem com. DONATIU Si vols donar suport a [&hellip;]<\/p>\n","protected":false},"author":1,"featured_media":0,"parent":0,"menu_order":0,"comment_status":"closed","ping_status":"closed","template":"","meta":{"_acf_changed":false,"ngg_post_thumbnail":0,"footnotes":""},"class_list":["post-15","page","type-page","status-publish","hentry"],"acf":[],"_links":{"self":[{"href":"https:\/\/www.lacorba.org\/index.php\/wp-json\/wp\/v2\/pages\/15","targetHints":{"allow":["GET"]}}],"collection":[{"href":"https:\/\/www.lacorba.org\/index.php\/wp-json\/wp\/v2\/pages"}],"about":[{"href":"https:\/\/www.lacorba.org\/index.php\/wp-json\/wp\/v2\/types\/page"}],"author":[{"embeddable":true,"href":"https:\/\/www.lacorba.org\/index.php\/wp-json\/wp\/v2\/users\/1"}],"replies":[{"embeddable":true,"href":"https:\/\/www.lacorba.org\/index.php\/wp-json\/wp\/v2\/comments?post=15"}],"version-history":[{"count":7,"href":"https:\/\/www.lacorba.org\/index.php\/wp-json\/wp\/v2\/pages\/15\/revisions"}],"predecessor-version":[{"id":129,"href":"https:\/\/www.lacorba.org\/index.php\/wp-json\/wp\/v2\/pages\/15\/revisions\/129"}],"wp:attachment":[{"href":"https:\/\/www.lacorba.org\/index.php\/wp-json\/wp\/v2\/media?parent=15"}],"curies":[{"name":"wp","href":"https:\/\/api.w.org\/{rel}","templated":true}]}}