{"id":17,"date":"2025-07-28T22:28:01","date_gmt":"2025-07-28T22:28:01","guid":{"rendered":"https:\/\/www.lacorba.org\/?page_id=17"},"modified":"2026-05-06T18:00:12","modified_gmt":"2026-05-06T18:00:12","slug":"arxiu","status":"publish","type":"page","link":"https:\/\/www.lacorba.org\/index.php\/arxiu\/","title":{"rendered":"Diari d&#8217;abord de La Corba"},"content":{"rendered":"\n<div class=\"wp-block-group alignwide has-global-padding is-layout-constrained wp-block-group-is-layout-constrained\">\n<p><strong>Un cam\u00ed col\u00b7lectiu cap a un habitatge digne i comunitari.<\/strong><\/p>\n\n\n\n<p>A La Corba no nom\u00e9s constru\u00efm cases, constru\u00efm una altra manera d\u2019habitar. <\/p>\n\n\n\n<div data-wp-context=\"{ &quot;autoclose&quot;: false, &quot;accordionItems&quot;: [] }\" data-wp-interactive=\"core\/accordion\" role=\"group\" class=\"wp-block-accordion is-layout-flow wp-block-accordion-is-layout-flow\">\n<div data-wp-class--is-open=\"state.isOpen\" data-wp-context=\"{ &quot;id&quot;: &quot;accordion-item-1&quot;, &quot;openByDefault&quot;: false }\" data-wp-init=\"callbacks.initAccordionItems\" data-wp-on-window--hashchange=\"callbacks.hashChange\" class=\"wp-block-accordion-item is-layout-flow wp-block-accordion-item-is-layout-flow\">\n<h3 class=\"wp-block-accordion-heading\"><button aria-expanded=\"false\" aria-controls=\"accordion-item-1-panel\" data-wp-bind--aria-expanded=\"state.isOpen\" data-wp-on--click=\"actions.toggle\" data-wp-on--keydown=\"actions.handleKeyDown\" id=\"accordion-item-1\" type=\"button\" class=\"wp-block-accordion-heading__toggle\"><span class=\"wp-block-accordion-heading__toggle-title\"><\/span><span class=\"wp-block-accordion-heading__toggle-icon\" aria-hidden=\"true\">+<\/span><\/button><\/h3>\n\n\n\n<div inert aria-labelledby=\"accordion-item-1\" data-wp-bind--inert=\"!state.isOpen\" id=\"accordion-item-1-panel\" role=\"region\" class=\"wp-block-accordion-panel is-layout-flow wp-block-accordion-panel-is-layout-flow\">\n<figure class=\"wp-block-embed is-type-video is-provider-youtube wp-block-embed-youtube wp-embed-aspect-16-9 wp-has-aspect-ratio\"><div class=\"wp-block-embed__wrapper\">\n<iframe loading=\"lazy\" title=\"L&#039;habitatge cooperatiu en s\u00f2l privat com a alternativa al binomi compra o lloguer\" width=\"500\" height=\"281\" src=\"https:\/\/www.youtube.com\/embed\/h6SCt61yQGs?feature=oembed\" frameborder=\"0\" allow=\"accelerometer; autoplay; clipboard-write; encrypted-media; gyroscope; picture-in-picture; web-share\" referrerpolicy=\"strict-origin-when-cross-origin\" allowfullscreen><\/iframe>\n<\/div><\/figure>\n<\/div>\n<\/div>\n<\/div>\n\n\n\n<p>Des de les primeres trobades, l\u2019energia i la il\u00b7lusi\u00f3 del grup han estat palpables. Ens organitzem des de l\u2019assemblea, amb cura i escolta, i cada decisi\u00f3 \u00e9s un pas m\u00e9s cap a una llar compartida, justa i sostenible. <\/p>\n\n\n\n<p><a href=\"https:\/\/naciodigital.cat\/baixmontseny\/societat\/aixi-seran-els-nous-pisos-protegits-de-sant-celoni.html\">https:\/\/naciodigital.cat\/baixmontseny\/societat\/aixi-seran-els-nous-pisos-protegits-de-sant-celoni.html<\/a><\/p>\n\n\n\n<figure class=\"wp-block-video\"><video controls src=\"https:\/\/www.3cat.cat\/3cat\/lhabitatge-cooperatiu-en-sol-privat-com-a-alternativa-al-binomi-compra-o-lloguer\/video\/6290624\/?ext=SM_WP_F4_CE24_\"><\/video><\/figure>\n\n\n\n<p><a href=\"https:\/\/naciodigital.cat\/baixmontseny\/societat\/aixi-seran-els-nous-pisos-protegits-de-sant-celoni.html\">https:\/\/naciodigital.cat\/baixmontseny\/societat\/aixi-seran-els-nous-pisos-protegits-de-sant-celoni.html<\/a> <\/p>\n\n\n\n<p><a href=\"https:\/\/el9nou.cat\/valles-oriental\/actualitat\/sant-celoni-dona-75-000-euros-a-una-cooperativa-que-construira-15-habitatges-protegits\">https:\/\/el9nou.cat\/valles-oriental\/actualitat\/sant-celoni-dona-75-000-euros-a-una-cooperativa-que-construira-15-habitatges-protegits<\/a> <\/p>\n\n\n\n<p><a href=\"https:\/\/www.radiosantceloni.cat\/programs\/info7\/punt7radiosantceloni_podcast_6109\">https:\/\/www.radiosantceloni.cat\/programs\/info7\/punt7radiosantceloni_podcast_6109<\/a> <\/p>\n\n\n\n<p><a href=\"https:\/\/naciodigital.cat\/baixmontseny\/societat\/la-corba-el-primer-projecte-dhabitatge-cooperatiu-de-sant-celoni.html\">https:\/\/naciodigital.cat\/baixmontseny\/societat\/la-corba-el-primer-projecte-dhabitatge-cooperatiu-de-sant-celoni.html<\/a><\/p>\n\n\n\n<p><a href=\"https:\/\/el9nou.cat\/valles-oriental\/actualitat\/sant-celoni-dona-75-000-euros-a-una-cooperativa-que-construira-15-habitatges-protegits\">https:\/\/el9nou.cat\/valles-oriental\/actualitat\/sant-celoni-dona-75-000-euros-a-una-cooperativa-que-construira-15-habitatges-protegits<\/a><\/p>\n<\/div>\n\n\n\n<figure class=\"wp-block-embed\"><div class=\"wp-block-embed__wrapper\">\nhttps:\/\/x.com\/maresme_cgt\/status\/1900102190384988437 \n<\/div><\/figure>\n\n\n\n<figure class=\"wp-block-video\"><\/figure>\n\n\n\n<div class=\"wp-block-media-text is-stacked-on-mobile\"><figure class=\"wp-block-media-text__media\"><\/figure><div class=\"wp-block-media-text__content\">\n<p><\/p>\n<\/div><\/div>\n\n\n\n<div class=\"wp-block-group alignfull has-global-padding is-layout-constrained wp-container-core-group-is-layout-b25ccd55 wp-block-group-is-layout-constrained\" style=\"margin-top:0;margin-bottom:0;padding-top:var(--wp--preset--spacing--50);padding-right:var(--wp--preset--spacing--50);padding-bottom:var(--wp--preset--spacing--50);padding-left:var(--wp--preset--spacing--50)\">\n<div class=\"wp-block-columns alignwide is-layout-flex wp-container-core-columns-is-layout-ff4b9c61 wp-block-columns-is-layout-flex\" style=\"margin-top:0;margin-bottom:0\">\n<div class=\"wp-block-column is-layout-flow wp-container-core-column-is-layout-8a368f38 wp-block-column-is-layout-flow\">\n<figure class=\"wp-block-image size-large is-style-rounded is-style-rounded--2\"><img decoding=\"async\" src=\"https:\/\/www.naciodigital.cat\/baixmontseny\/noticia\/19604\/la-corba-projecte-habitatge-cooperatiu-sant-celoni?utm_term=Autofeed&amp;utm_medium=Social&amp;utm_territori=BaixMontseny&amp;utm_source=Twitter#Echobox=1702468107\" alt=\"\" style=\"aspect-ratio:4\/3;object-fit:cover\"\/><\/figure>\n\n\n\n<div style=\"height:var(--wp--preset--spacing--50)\" aria-hidden=\"true\" class=\"wp-block-spacer\"><\/div>\n\n\n\n\n\n<div style=\"height:var(--wp--preset--spacing--50)\" aria-hidden=\"true\" class=\"wp-block-spacer\"><\/div>\n\n\n<\/div>\n\n\n\n<div class=\"wp-block-column is-layout-flow wp-container-core-column-is-layout-8a368f38 wp-block-column-is-layout-flow\">\n<div style=\"height:var(--wp--preset--spacing--50)\" aria-hidden=\"true\" class=\"wp-block-spacer\"><\/div>\n\n\n\n<figure class=\"wp-block-image size-large is-style-rounded is-style-rounded--5\"><img decoding=\"async\" src=\"https:\/\/www.3cat.cat\/3cat\/lhabitatge-cooperatiu-en-sol-privat-com-a-alternativa-al-binomi-compra-o-lloguer\/video\/6290624\/?ext=SM_WP_F4_CE24_\" alt=\"\" style=\"aspect-ratio:3\/4;object-fit:cover\"\/><\/figure>\n\n\n\n<div style=\"height:var(--wp--preset--spacing--50)\" aria-hidden=\"true\" class=\"wp-block-spacer\"><\/div>\n\n\n\n\n\n<div style=\"height:var(--wp--preset--spacing--50)\" aria-hidden=\"true\" class=\"wp-block-spacer\"><\/div>\n\n\n<\/div>\n\n\n\n<div class=\"wp-block-column is-layout-flow wp-container-core-column-is-layout-8a368f38 wp-block-column-is-layout-flow\">\n\n\n<div style=\"height:var(--wp--preset--spacing--50)\" aria-hidden=\"true\" class=\"wp-block-spacer\"><\/div>\n\n\n\n\n\n<div style=\"height:var(--wp--preset--spacing--50)\" aria-hidden=\"true\" class=\"wp-block-spacer\"><\/div>\n\n\n<\/div>\n\n\n\n<div class=\"wp-block-column is-layout-flow wp-container-core-column-is-layout-8a368f38 wp-block-column-is-layout-flow\">\n<div style=\"height:var(--wp--preset--spacing--50)\" aria-hidden=\"true\" class=\"wp-block-spacer\"><\/div>\n\n\n\n\n\n<div style=\"height:var(--wp--preset--spacing--50)\" aria-hidden=\"true\" class=\"wp-block-spacer\"><\/div>\n\n\n\n\n\n<div style=\"height:var(--wp--preset--spacing--50)\" aria-hidden=\"true\" class=\"wp-block-spacer\"><\/div>\n\n\n<\/div>\n<\/div>\n<\/div>\n","protected":false},"excerpt":{"rendered":"<p>Un cam\u00ed col\u00b7lectiu cap a un habitatge digne i comunitari. A La Corba no nom\u00e9s constru\u00efm cases, constru\u00efm una altra manera d\u2019habitar. Des de les primeres trobades, l\u2019energia i la il\u00b7lusi\u00f3 del grup han estat palpables. Ens organitzem des de l\u2019assemblea, amb cura i escolta, i cada decisi\u00f3 \u00e9s un pas m\u00e9s cap a una [&hellip;]<\/p>\n","protected":false},"author":1,"featured_media":0,"parent":0,"menu_order":0,"comment_status":"closed","ping_status":"closed","template":"","meta":{"_acf_changed":false,"ngg_post_thumbnail":0,"footnotes":""},"class_list":["post-17","page","type-page","status-publish","hentry"],"acf":[],"_links":{"self":[{"href":"https:\/\/www.lacorba.org\/index.php\/wp-json\/wp\/v2\/pages\/17","targetHints":{"allow":["GET"]}}],"collection":[{"href":"https:\/\/www.lacorba.org\/index.php\/wp-json\/wp\/v2\/pages"}],"about":[{"href":"https:\/\/www.lacorba.org\/index.php\/wp-json\/wp\/v2\/types\/page"}],"author":[{"embeddable":true,"href":"https:\/\/www.lacorba.org\/index.php\/wp-json\/wp\/v2\/users\/1"}],"replies":[{"embeddable":true,"href":"https:\/\/www.lacorba.org\/index.php\/wp-json\/wp\/v2\/comments?post=17"}],"version-history":[{"count":11,"href":"https:\/\/www.lacorba.org\/index.php\/wp-json\/wp\/v2\/pages\/17\/revisions"}],"predecessor-version":[{"id":128,"href":"https:\/\/www.lacorba.org\/index.php\/wp-json\/wp\/v2\/pages\/17\/revisions\/128"}],"wp:attachment":[{"href":"https:\/\/www.lacorba.org\/index.php\/wp-json\/wp\/v2\/media?parent=17"}],"curies":[{"name":"wp","href":"https:\/\/api.w.org\/{rel}","templated":true}]}}